{"id":776,"date":"2022-10-17T13:26:38","date_gmt":"2022-10-17T13:26:38","guid":{"rendered":"http:\/\/alger-ia.com\/index.php\/home\/"},"modified":"2023-05-09T20:04:17","modified_gmt":"2023-05-09T18:04:17","slug":"home","status":"publish","type":"page","link":"https:\/\/alger-ia.com\/","title":{"rendered":"Home"},"content":{"rendered":"\n<div class=\"wp-block-uagb-container uagb-block-b29058af alignfull uagb-is-root-container\"><div class=\"uagb-container-inner-blocks-wrap\">\n<div class=\"wp-block-uagb-container uagb-block-1e100234\">\n<div class=\"wp-block-uagb-advanced-heading uagb-block-c2ad66ec\"><\/div>\n\n\n\n<div class=\"wp-block-uagb-call-to-action uagb-block-e9aac40f wp-block-button\"><div class=\"uagb-cta__wrap\"><h1 class=\"uagb-cta__title\">BIENVENUE SUR ALGER-IA !<\/h1><p class=\"uagb-cta__desc\">ALGER-IA est votre ressource incontournable pour tout ce qui concerne la vie en Alg\u00e9rie, que vous soyez un expatri\u00e9 souhaitant s&#8217;installer dans ce pays fascinant ou un Alg\u00e9rien r\u00e9sidant \u00e0 l&#8217;\u00e9tranger et envisageant de rentrer chez vous.<br>Notre mission est de vous fournir des informations pratiques et utiles sur les aspects les plus importants de la vie en Alg\u00e9rie, tels que :<br><strong>Installation en Alg\u00e9rie :<\/strong> Conseils et astuces pour les expatri\u00e9s qui souhaitent s&#8217;installer en Alg\u00e9rie, incluant les d\u00e9marches administratives, la recherche de logement et la compr\u00e9hension du syst\u00e8me de sant\u00e9.<br><strong>Vie quotidienne :<\/strong> Informations sur la vie quotidienne en Alg\u00e9rie, y compris la nourriture, les transports, les loisirs et les coutumes locales.<br><strong>Travail et entrepreneuriat :<\/strong> Conseils pour trouver un emploi, comprendre les exigences en mati\u00e8re de visas et de permis de travail, ainsi que des informations sur la cr\u00e9ation d&#8217;entreprises en Alg\u00e9rie.<br><strong>Langue &amp; culture :<\/strong> Ressources et astuces pour apprendre l&#8217;arabe alg\u00e9rien et le tamazight, ainsi que l&#8217;importance de la communication interculturelle, les coutumes locales et les traditions.<br><strong>R\u00e9seautage et communaut\u00e9 :<\/strong> Informations sur les groupes d&#8217;expatri\u00e9s, les \u00e9v\u00e9nements sociaux et les opportunit\u00e9s de r\u00e9seautage pour les expatri\u00e9s en Alg\u00e9rie.<br><strong>Ressources :<\/strong> Une collection compl\u00e8te de ressources pour les expatri\u00e9s en Alg\u00e9rie, comprenant des t\u00e9moignages personnels, des guides utiles, des prestataires de services locaux et d&#8217;autres informations pr\u00e9cieuses pour faciliter la transition et r\u00e9ussir la vie dans le pays.<br><strong>Voyage et tourisme <\/strong>: D\u00e9couverte des destinations touristiques en Alg\u00e9rie, conseils de voyage et activit\u00e9s \u00e0 ne pas manquer.<br>Nous vous invitons \u00e0 explorer notre blog et \u00e0 d\u00e9couvrir nos articles pour mieux comprendre ce que signifie vivre et travailler en Alg\u00e9rie. Si vous avez des questions, n&#8217;h\u00e9sitez pas \u00e0 nous contacter. Nous sommes l\u00e0 pour vous aider et vous soutenir dans votre aventure alg\u00e9rienne !<\/p><\/div><div class=\"uagb-cta__buttons\"><a href=\"#\" class=\"uagb-cta__button-link-wrapper wp-block-button__link\" target=\"_self\" rel=\"noopener noreferrer\">Read Articles<\/a><\/div><\/div>\n<\/div>\n\n\n\n<div class=\"wp-block-columns is-layout-flex wp-container-core-columns-is-layout-9d6595d7 wp-block-columns-is-layout-flex\">\n<div class=\"wp-block-column is-vertically-aligned-top is-layout-flow wp-block-column-is-layout-flow\" style=\"flex-basis:100%\">\n<div class=\"wp-block-group\"><div class=\"wp-block-group__inner-container is-layout-constrained wp-block-group-is-layout-constrained\">\n<div class=\"wp-block-uagb-image uagb-block-83e15de3 wp-block-uagb-image--layout-default wp-block-uagb-image--effect-static wp-block-uagb-image--align-none\"><figure class=\"wp-block-uagb-image__figure\"><img decoding=\"async\" srcset=\"http:\/\/alger-ia.com\/wp-content\/uploads\/2023\/04\/Alger-ia-Main-Page.png \" sizes=\"auto, (max-width: 480px) 150px\" src=\"http:\/\/alger-ia.com\/wp-content\/uploads\/2023\/04\/Alger-ia-Main-Page.png\" alt=\"\" class=\"uag-image-1642\" width=\"1024\" height=\"1024\" title=\"\" loading=\"lazy\"\/><\/figure><\/div>\n<\/div><\/div>\n<\/div>\n<\/div>\n<\/div><\/div>\n\n\n\n<div class=\"wp-block-uagb-container uagb-block-4f035716 alignfull uagb-is-root-container\"><div class=\"uagb-container-inner-blocks-wrap\">\n<div class=\"wp-block-uagb-container uagb-block-37debe68\">\n<div class=\"wp-block-uagb-container uagb-block-90f162f5\">\n<div class=\"wp-block-uagb-advanced-heading uagb-block-93bd5f43\"><h4 class=\"uagb-heading-text\">Subscribe to our Newsletter<\/h4><p class=\"uagb-desc-text\">Abonnez vous pour nous suivre et rester inform\u00e9s<\/p><\/div>\n<\/div>\n\n\n\n<div class=\"wp-block-uagb-container uagb-block-0b32625c\"><div class=\"wpforms-container wpforms-block wpforms-block-f8258616-818d-4e44-863c-89f743f4c1b2 inline-fields\" id=\"wpforms-30\"><form id=\"wpforms-form-30\" class=\"wpforms-validate wpforms-form wpforms-ajax-form\" data-formid=\"30\" method=\"post\" enctype=\"multipart\/form-data\" action=\"\/index.php\/wp-json\/wp\/v2\/pages\/776\" data-token=\"0fdf6bc8b2d38264f45c37d6af0a92da\"><noscript class=\"wpforms-error-noscript\">Please enable JavaScript in your browser to complete this form.<\/noscript><div class=\"wpforms-field-container\"><div id=\"wpforms-30-field_2-container\" class=\"wpforms-field wpforms-field-email\" data-field-id=\"2\"><label class=\"wpforms-field-label wpforms-label-hide\" for=\"wpforms-30-field_2\">Email <span class=\"wpforms-required-label\">*<\/span><\/label><input type=\"email\" id=\"wpforms-30-field_2\" class=\"wpforms-field-large wpforms-field-required\" name=\"wpforms[fields][2]\" placeholder=\"Email Address\" spellcheck=\"false\" required><\/div><\/div><!-- .wpforms-field-container --><div class=\"wpforms-submit-container\" ><input type=\"hidden\" name=\"wpforms[id]\" value=\"30\"><input type=\"hidden\" name=\"wpforms[author]\" value=\"1\"><button type=\"submit\" name=\"wpforms[submit]\" id=\"wpforms-submit-30\" class=\"wpforms-submit\" data-alt-text=\"Sending...\" data-submit-text=\"Subscribe\" aria-live=\"assertive\" value=\"wpforms-submit\">Subscribe<\/button><img loading=\"lazy\" decoding=\"async\" src=\"https:\/\/alger-ia.com\/wp-content\/plugins\/wpforms-lite\/assets\/images\/submit-spin.svg\" class=\"wpforms-submit-spinner\" style=\"display: none;\" width=\"26\" height=\"26\" alt=\"Loading\"><\/div><\/form><\/div>  <!-- .wpforms-container --><\/div>\n<\/div>\n<\/div><\/div>\n","protected":false},"excerpt":{"rendered":"","protected":false},"author":1,"featured_media":0,"parent":0,"menu_order":0,"comment_status":"closed","ping_status":"closed","template":"","meta":{"_uag_custom_page_level_css":"","footnotes":""},"class_list":["post-776","page","type-page","status-publish","hentry"],"uagb_featured_image_src":{"full":false,"thumbnail":false,"medium":false,"medium_large":false,"large":false,"1536x1536":false,"2048x2048":false,"ht_portrait_small":false,"ht_landscape_large":false,"ht_cover_large":false},"uagb_author_info":{"display_name":"Alger-IA","author_link":"https:\/\/alger-ia.com\/index.php\/author\/admin5484\/"},"uagb_comment_info":0,"uagb_excerpt":null,"_links":{"self":[{"href":"https:\/\/alger-ia.com\/index.php\/wp-json\/wp\/v2\/pages\/776","targetHints":{"allow":["GET"]}}],"collection":[{"href":"https:\/\/alger-ia.com\/index.php\/wp-json\/wp\/v2\/pages"}],"about":[{"href":"https:\/\/alger-ia.com\/index.php\/wp-json\/wp\/v2\/types\/page"}],"author":[{"embeddable":true,"href":"https:\/\/alger-ia.com\/index.php\/wp-json\/wp\/v2\/users\/1"}],"replies":[{"embeddable":true,"href":"https:\/\/alger-ia.com\/index.php\/wp-json\/wp\/v2\/comments?post=776"}],"version-history":[{"count":4,"href":"https:\/\/alger-ia.com\/index.php\/wp-json\/wp\/v2\/pages\/776\/revisions"}],"predecessor-version":[{"id":1700,"href":"https:\/\/alger-ia.com\/index.php\/wp-json\/wp\/v2\/pages\/776\/revisions\/1700"}],"wp:attachment":[{"href":"https:\/\/alger-ia.com\/index.php\/wp-json\/wp\/v2\/media?parent=776"}],"curies":[{"name":"wp","href":"https:\/\/api.w.org\/{rel}","templated":true}]}}